{"id":745,"date":"2023-07-17T13:04:38","date_gmt":"2023-07-17T13:04:38","guid":{"rendered":"http:\/\/jeannie-nagelstudio.de\/?page_id=745"},"modified":"2024-10-07T17:18:31","modified_gmt":"2024-10-07T17:18:31","slug":"pedikure-hamburg","status":"publish","type":"page","link":"http:\/\/jeannie-nagelstudio.de\/en\/pedikure-hamburg\/","title":{"rendered":"Pedik\u00fcre"},"content":{"rendered":"<div data-elementor-type=\"wp-page\" data-elementor-id=\"745\" class=\"elementor elementor-745\" data-elementor-post-type=\"page\">\n\t\t\t\t\t\t<section class=\"elementor-section elementor-top-section elementor-element elementor-element-acf1f7e elementor-section-full_width elementor-section-height-min-height elementor-section-items-stretch elementor-section-height-default\" data-id=\"acf1f7e\" data-element_type=\"section\" data-e-type=\"section\">\n\t\t\t\t\t\t<div class=\"elementor-container elementor-column-gap-default\">\n\t\t\t\t\t<div class=\"elementor-column elementor-col-50 elementor-top-column elementor-element elementor-element-567e2db2\" data-id=\"567e2db2\" data-element_type=\"column\" data-e-type=\"column\">\n\t\t\t<div class=\"elementor-widget-wrap elementor-element-populated\">\n\t\t\t\t\t\t<div class=\"elementor-element elementor-element-22675c38 elementor-widget__width-initial elementor-widget elementor-widget-heading\" data-id=\"22675c38\" data-element_type=\"widget\" data-e-type=\"widget\" data-widget_type=\"heading.default\">\n\t\t\t\t<div class=\"elementor-widget-container\">\n\t\t\t\t\t<h1 class=\"elementor-heading-title elementor-size-default\">Pedik\u00fcre Hamburg<\/h1>\t\t\t\t<\/div>\n\t\t\t\t<\/div>\n\t\t\t\t<div class=\"elementor-element elementor-element-57c16ca elementor-widget elementor-widget-button\" data-id=\"57c16ca\" data-element_type=\"widget\" data-e-type=\"widget\" data-widget_type=\"button.default\">\n\t\t\t\t<div class=\"elementor-widget-container\">\n\t\t\t\t\t\t\t\t\t<div class=\"elementor-button-wrapper\">\n\t\t\t\t\t<a class=\"elementor-button elementor-button-link elementor-size-xs\" href=\"https:\/\/jeannie-nagelstudio.salonized.com\/widget_bookings\/new\" id=\"001\" target=\"_blank\" rel=\"noopener\">\n\t\t\t\t\t\t<span class=\"elementor-button-content-wrapper\">\n\t\t\t\t\t\t\t\t\t<span class=\"elementor-button-text\">Termin buchen<\/span>\n\t\t\t\t\t<\/span>\n\t\t\t\t\t<\/a>\n\t\t\t\t<\/div>\n\t\t\t\t\t\t\t\t<\/div>\n\t\t\t\t<\/div>\n\t\t\t\t\t<\/div>\n\t\t<\/div>\n\t\t\t\t<div class=\"elementor-column elementor-col-50 elementor-top-column elementor-element elementor-element-72a985d1\" data-id=\"72a985d1\" data-element_type=\"column\" data-e-type=\"column\" data-settings=\"{&quot;background_background&quot;:&quot;classic&quot;}\">\n\t\t\t<div class=\"elementor-widget-wrap elementor-element-populated\">\n\t\t\t\t\t\t<div class=\"elementor-element elementor-element-54d6f135 elementor-widget elementor-widget-spacer\" data-id=\"54d6f135\" data-element_type=\"widget\" data-e-type=\"widget\" data-widget_type=\"spacer.default\">\n\t\t\t\t<div class=\"elementor-widget-container\">\n\t\t\t\t\t\t\t<div class=\"elementor-spacer\">\n\t\t\t<div class=\"elementor-spacer-inner\"><\/div>\n\t\t<\/div>\n\t\t\t\t\t\t<\/div>\n\t\t\t\t<\/div>\n\t\t\t\t\t<\/div>\n\t\t<\/div>\n\t\t\t\t\t<\/div>\n\t\t<\/section>\n\t\t\t\t<section class=\"elementor-section elementor-top-section elementor-element elementor-element-0d57a3a elementor-section-height-min-height elementor-section-items-stretch elementor-section-boxed elementor-section-height-default\" data-id=\"0d57a3a\" data-element_type=\"section\" data-e-type=\"section\">\n\t\t\t\t\t\t<div class=\"elementor-container elementor-column-gap-default\">\n\t\t\t\t\t<div class=\"elementor-column elementor-col-100 elementor-top-column elementor-element elementor-element-fb56d48\" data-id=\"fb56d48\" data-element_type=\"column\" data-e-type=\"column\" data-settings=\"{&quot;background_background&quot;:&quot;classic&quot;}\">\n\t\t\t<div class=\"elementor-widget-wrap elementor-element-populated\">\n\t\t\t\t\t\t<div class=\"elementor-element elementor-element-1b24ca2 elementor-widget elementor-widget-heading\" data-id=\"1b24ca2\" data-element_type=\"widget\" data-e-type=\"widget\" data-widget_type=\"heading.default\">\n\t\t\t\t<div class=\"elementor-widget-container\">\n\t\t\t\t\t<h2 class=\"elementor-heading-title elementor-size-default\">pedik\u00fcre hamburg<\/h2>\t\t\t\t<\/div>\n\t\t\t\t<\/div>\n\t\t\t\t<div class=\"elementor-element elementor-element-61269a2 elementor-widget__width-initial elementor-widget elementor-widget-text-editor\" data-id=\"61269a2\" data-element_type=\"widget\" data-e-type=\"widget\" data-widget_type=\"text-editor.default\">\n\t\t\t\t<div class=\"elementor-widget-container\">\n\t\t\t\t\t\t\t\t\t<div>\n<div>\n<div>\n<p>Bei Jeannie Hamburg, unserem Kosmetikstudio in Hamburg, wissen wir, wie wichtig gepflegte F\u00fc\u00dfe sind. Unsere F\u00fc\u00dfe tragen uns ein Leben lang und verdienen daher eine besondere Portion Aufmerksamkeit und Pflege. Deshalb bieten wir professionelle Pedik\u00fcre und Fu\u00dfpflege an, damit du das ganze Jahr \u00fcber mit makellosen und gesunden F\u00fc\u00dfen durchs Leben schreiten kannst.<\/p>\n<p>Oft vernachl\u00e4ssigen wir unsere F\u00fc\u00dfe und widmen ihnen nur in den Sommermonaten die n\u00f6tige Beachtung. Doch gepflegte F\u00fc\u00dfe sollten eigentlich das ganze Jahr \u00fcber eine Selbstverst\u00e4ndlichkeit sein. Besonders wenn wir offene Schuhe tragen, wird die Fu\u00dfpflege unumg\u00e4nglich. Allerdings ist es auch in der kalten Jahreszeit wichtig, unsere F\u00fc\u00dfe zu pflegen, da enge und geschlossene Schuhe zu Hornhautbildung und anderen Problemen f\u00fchren k\u00f6nnen.<\/p>\n<p>Viele Menschen empfinden die Fu\u00dfpflege als l\u00e4stige Aufgabe und ben\u00f6tigen Geschick und \u00dcbung, um sie richtig durchzuf\u00fchren. Das Schneiden der N\u00e4gel erfordert beispielsweise Vorsicht, da ein zu kurzer Schnitt zu Nagelbettentz\u00fcndungen f\u00fchren kann, die schmerzhaft sind und lange Zeit zum Abheilen ben\u00f6tigen.<\/p>\n<p>Bei Jeannie bieten wir regelm\u00e4\u00dfige professionelle Pedik\u00fcre an, bei der wir auch \u00fcbersch\u00fcssige Hornhaut entfernen. Dadurch kannst du ohne Beschwerden und Schmerzen durchs Leben gehen. Unsere erfahrenen Kosmetikerinnen sind wahre Profis in der perfekten Pedik\u00fcre und sorgen daf\u00fcr, dass deine F\u00fc\u00dfe immer gepflegt aussehen.<\/p>\n<p>Komm zu uns ins Kosmetikstudio in Hamburg und g\u00f6nn dir eine entspannende Fu\u00df-Pedik\u00fcre. Unsere geschulten Expertinnen werden sich um deine F\u00fc\u00dfe k\u00fcmmern und sicherstellen, dass du mit sch\u00f6nen und gesunden F\u00fc\u00dfen nach Hause gehst. Vereinbare noch heute einen Termin und erlebe die wohltuende Wirkung einer professionellen Fu\u00dfpflege bei Jeannie Hamburg.<\/p>\n<\/div>\n<\/div>\n<\/div>\t\t\t\t\t\t\t\t<\/div>\n\t\t\t\t<\/div>\n\t\t\t\t\t<\/div>\n\t\t<\/div>\n\t\t\t\t\t<\/div>\n\t\t<\/section>\n\t\t\t\t<section class=\"elementor-section elementor-top-section elementor-element elementor-element-abf6e0c elementor-section-boxed elementor-section-height-default elementor-section-height-default\" data-id=\"abf6e0c\" data-element_type=\"section\" data-e-type=\"section\">\n\t\t\t\t\t\t<div class=\"elementor-container elementor-column-gap-default\">\n\t\t\t\t\t<div class=\"elementor-column elementor-col-100 elementor-top-column elementor-element elementor-element-3c3f21b\" data-id=\"3c3f21b\" data-element_type=\"column\" data-e-type=\"column\">\n\t\t\t<div class=\"elementor-widget-wrap elementor-element-populated\">\n\t\t\t\t\t\t<div class=\"elementor-element elementor-element-3b2b9c5 elementor-widget elementor-widget-heading\" data-id=\"3b2b9c5\" data-element_type=\"widget\" data-e-type=\"widget\" data-widget_type=\"heading.default\">\n\t\t\t\t<div class=\"elementor-widget-container\">\n\t\t\t\t\t<h3 class=\"elementor-heading-title elementor-size-default\">Professionelle Pedik\u00fcre<\/h3>\t\t\t\t<\/div>\n\t\t\t\t<\/div>\n\t\t\t\t\t<\/div>\n\t\t<\/div>\n\t\t\t\t\t<\/div>\n\t\t<\/section>\n\t\t\t\t<section class=\"elementor-section elementor-top-section elementor-element elementor-element-2bbffd9 elementor-section-boxed elementor-section-height-default elementor-section-height-default\" data-id=\"2bbffd9\" data-element_type=\"section\" data-e-type=\"section\">\n\t\t\t\t\t\t<div class=\"elementor-container elementor-column-gap-default\">\n\t\t\t\t\t<div class=\"elementor-column elementor-col-50 elementor-top-column elementor-element elementor-element-ade85cc\" data-id=\"ade85cc\" data-element_type=\"column\" data-e-type=\"column\">\n\t\t\t<div class=\"elementor-widget-wrap elementor-element-populated\">\n\t\t\t\t\t\t<div class=\"elementor-element elementor-element-9bf67b9 elementor-widget elementor-widget-image\" data-id=\"9bf67b9\" data-element_type=\"widget\" data-e-type=\"widget\" data-widget_type=\"image.default\">\n\t\t\t\t<div class=\"elementor-widget-container\">\n\t\t\t\t\t\t\t\t\t\t\t\t\t\t\t<img decoding=\"async\" src=\"http:\/\/jeannie-nagelstudio.de\/wp-content\/uploads\/elementor\/thumbs\/pexels-andrea-mosti-17056222-scaled-q9jp05odshh3t08a87r0j4e9ucp1o3htbem4jk5fgw.jpg\" title=\"Pedik\u00fcre Hamburg\" alt=\"Pedik\u00fcre Hamburg\" loading=\"lazy\" \/>\t\t\t\t\t\t\t\t\t\t\t\t\t\t\t<\/div>\n\t\t\t\t<\/div>\n\t\t\t\t\t<\/div>\n\t\t<\/div>\n\t\t\t\t<div class=\"elementor-column elementor-col-50 elementor-top-column elementor-element elementor-element-bdef9e6\" data-id=\"bdef9e6\" data-element_type=\"column\" data-e-type=\"column\">\n\t\t\t<div class=\"elementor-widget-wrap elementor-element-populated\">\n\t\t\t\t\t\t<div class=\"elementor-element elementor-element-f88f0dc elementor-widget elementor-widget-text-editor\" data-id=\"f88f0dc\" data-element_type=\"widget\" data-e-type=\"widget\" data-widget_type=\"text-editor.default\">\n\t\t\t\t<div class=\"elementor-widget-container\">\n\t\t\t\t\t\t\t\t\t<div class=\"flex flex-grow flex-col gap-3\">\n<div class=\"min-h-[20px] flex items-start overflow-x-auto whitespace-pre-wrap break-words flex-col gap-4\">\n<div class=\"markdown prose w-full break-words dark:prose-invert dark\">\n<p>In unserem Jeannie Nagelstudio in Hamburg bieten wir eine Vielzahl von professionellen Pedik\u00fcren an, um deine Bed\u00fcrfnisse rund um die Fu\u00dfpflege zu erf\u00fcllen.<\/p>\n<p>Wenn du dich f\u00fcr eine klassische Pedik\u00fcre interessierst, komm einfach zu uns und wir lackieren deine Fu\u00dfn\u00e4gel. Wir haben eine beeindruckende Auswahl von etwa 40 verschiedenen veganen Nagellack-Farben von Alessandro, aus denen du w\u00e4hlen kannst. Nat\u00fcrlich verwenden wir dabei auch einen Unter- und \u00dcberlack, um Verf\u00e4rbungen zu vermeiden und die Haltbarkeit des Lackes zu verl\u00e4ngern.<\/p>\n<p>Idealerweise kommst du zu deinem Termin mit unlackierten Fu\u00dfn\u00e4geln zu uns. Falls du bereits Nagellack tr\u00e4gst, ist das jedoch kein Problem. Wir haben immer gen\u00fcgend Nagellackentferner zur Hand, um deine N\u00e4gel gr\u00fcndlich zu reinigen. Wenn dir eine einfache Lackierung zu langweilig erscheint, bieten wir auch die M\u00f6glichkeit einer French Pedik\u00fcre an.<\/p>\n<p>Bei der French Pedik\u00fcre werden die Nagelspitzen mit einem wei\u00dfen Shellac lackiert, w\u00e4hrend der Rest des Nagels einen nat\u00fcrlichen oder transparenten Lack erh\u00e4lt. Selbstverst\u00e4ndlich verwenden wir auch hier einen Unter- und \u00dcberlack. Die French Pedik\u00fcre sieht besonders sch\u00f6n aus, wenn die N\u00e4gel nicht zu kurz geschnitten sind.<\/p>\n<p>F\u00fcr diejenigen, die es eilig haben, empfehlen wir unsere &#8222;flotte Pedik\u00fcre&#8220;. Dabei werden die N\u00e4gel gek\u00fcrzt und in Form gefeilt. Anschlie\u00dfend lackieren wir deine N\u00e4gel mit dem von dir gew\u00fcnschten Lack. Auch hier verwenden wir wie gewohnt einen Unter- und \u00dcberlack, um ein langanhaltendes Ergebnis zu gew\u00e4hrleisten.<\/p>\n<p><br><\/p>\n<\/div>\n<\/div>\n<\/div>\t\t\t\t\t\t\t\t<\/div>\n\t\t\t\t<\/div>\n\t\t\t\t\t<\/div>\n\t\t<\/div>\n\t\t\t\t\t<\/div>\n\t\t<\/section>\n\t\t\t\t<section class=\"elementor-section elementor-top-section elementor-element elementor-element-a6e1818 elementor-section-height-min-height elementor-section-items-stretch elementor-section-boxed elementor-section-height-default\" data-id=\"a6e1818\" data-element_type=\"section\" data-e-type=\"section\">\n\t\t\t\t\t\t<div class=\"elementor-container elementor-column-gap-default\">\n\t\t\t\t\t<div class=\"elementor-column elementor-col-100 elementor-top-column elementor-element elementor-element-a1af833\" data-id=\"a1af833\" data-element_type=\"column\" data-e-type=\"column\" data-settings=\"{&quot;background_background&quot;:&quot;classic&quot;}\">\n\t\t\t<div class=\"elementor-widget-wrap elementor-element-populated\">\n\t\t\t\t\t\t<div class=\"elementor-element elementor-element-b00bf4d elementor-widget elementor-widget-heading\" data-id=\"b00bf4d\" data-element_type=\"widget\" data-e-type=\"widget\" data-widget_type=\"heading.default\">\n\t\t\t\t<div class=\"elementor-widget-container\">\n\t\t\t\t\t<h1 class=\"elementor-heading-title elementor-size-default\">Fu\u00dfpflege<\/h1>\t\t\t\t<\/div>\n\t\t\t\t<\/div>\n\t\t\t\t<div class=\"elementor-element elementor-element-73bd9cc elementor-widget__width-initial elementor-widget elementor-widget-text-editor\" data-id=\"73bd9cc\" data-element_type=\"widget\" data-e-type=\"widget\" data-widget_type=\"text-editor.default\">\n\t\t\t\t<div class=\"elementor-widget-container\">\n\t\t\t\t\t\t\t\t\t<div class=\"flex flex-grow flex-col gap-3\"><div class=\"min-h-[20px] flex items-start overflow-x-auto whitespace-pre-wrap break-words flex-col gap-4\"><div class=\"markdown prose w-full break-words dark:prose-invert dark\"><p>In Hamburg bieten wir professionelle Pedik\u00fcren an, die deine F\u00fc\u00dfe verw\u00f6hnen und pflegen. F\u00fcr Einsteiger in die Welt der Pedik\u00fcre empfehlen wir unsere Basic Spa Pedik\u00fcre. Dieses Verw\u00f6hnprogramm ist eine umfassende Pflegebehandlung f\u00fcr strapazierte F\u00fc\u00dfe.<\/p><p>Bei der Basic Spa Pedik\u00fcre beginnen wir mit einem warmen, duftenden Fu\u00dfbad, das deine F\u00fc\u00dfe entspannt. Anschlie\u00dfend entfernen wir mit einem Peeling \u00fcbersch\u00fcssige Hautschuppen und Hornhaut. Die Nagelhaut wird sanft entfernt und die N\u00e4gel werden auf die gew\u00fcnschte L\u00e4nge und Form gefeilt.<\/p><p>Ein besonderes Highlight der Basic Spa Pedik\u00fcre ist die entspannende Fu\u00dfmassage, bei der deine F\u00fc\u00dfe intensiv verw\u00f6hnt werden. Wir verwenden hochwertige Pflegeprodukte, um deine Haut geschmeidig zu machen und Feuchtigkeit zu spenden.<\/p><p>Nach der Basic Spa Pedik\u00fcre werden deine F\u00fc\u00dfe revitalisiert und gepflegt sein. Du wirst dich rundum wohl und verw\u00f6hnt f\u00fchlen.<\/p><p>Besuche uns in Hamburg und g\u00f6nn dir eine professionelle Pedik\u00fcre, die deine F\u00fc\u00dfe verw\u00f6hnt und pflegt. Unser erfahrenes Team steht bereit, um dir eine erholsame und effektive Behandlung zu bieten. Buche noch heute deinen Termin und erlebe eine Pedik\u00fcre, die deine F\u00fc\u00dfe zum Strahlen bringt.<\/p><\/div><\/div><\/div>\t\t\t\t\t\t\t\t<\/div>\n\t\t\t\t<\/div>\n\t\t\t\t\t<\/div>\n\t\t<\/div>\n\t\t\t\t\t<\/div>\n\t\t<\/section>\n\t\t\t\t<section class=\"elementor-section elementor-top-section elementor-element elementor-element-16147cd elementor-section-boxed elementor-section-height-default elementor-section-height-default\" data-id=\"16147cd\" data-element_type=\"section\" data-e-type=\"section\">\n\t\t\t\t\t\t<div class=\"elementor-container elementor-column-gap-default\">\n\t\t\t\t\t<div class=\"elementor-column elementor-col-100 elementor-top-column elementor-element elementor-element-6087800\" data-id=\"6087800\" data-element_type=\"column\" data-e-type=\"column\">\n\t\t\t<div class=\"elementor-widget-wrap elementor-element-populated\">\n\t\t\t\t\t\t<div class=\"elementor-element elementor-element-dceaf53 elementor-widget elementor-widget-heading\" data-id=\"dceaf53\" data-element_type=\"widget\" data-e-type=\"widget\" data-widget_type=\"heading.default\">\n\t\t\t\t<div class=\"elementor-widget-container\">\n\t\t\t\t\t<h3 class=\"elementor-heading-title elementor-size-default\">Pedik\u00fcre Hamburg bei jeannie <\/h3>\t\t\t\t<\/div>\n\t\t\t\t<\/div>\n\t\t\t\t\t<\/div>\n\t\t<\/div>\n\t\t\t\t\t<\/div>\n\t\t<\/section>\n\t\t\t\t<section class=\"elementor-section elementor-top-section elementor-element elementor-element-c7a31d5 elementor-section-boxed elementor-section-height-default elementor-section-height-default\" data-id=\"c7a31d5\" data-element_type=\"section\" data-e-type=\"section\">\n\t\t\t\t\t\t<div class=\"elementor-container elementor-column-gap-default\">\n\t\t\t\t\t<div class=\"elementor-column elementor-col-50 elementor-top-column elementor-element elementor-element-90867a8\" data-id=\"90867a8\" data-element_type=\"column\" data-e-type=\"column\">\n\t\t\t<div class=\"elementor-widget-wrap elementor-element-populated\">\n\t\t\t\t\t\t<div class=\"elementor-element elementor-element-c978e5e elementor-widget elementor-widget-text-editor\" data-id=\"c978e5e\" data-element_type=\"widget\" data-e-type=\"widget\" data-widget_type=\"text-editor.default\">\n\t\t\t\t<div class=\"elementor-widget-container\">\n\t\t\t\t\t\t\t\t\t<div>\n<div>\n<div>\n<p>Wenn du eine professionelle Pedik\u00fcre in Hamburg suchst, bist du bei uns, dem Team von Jeannie Nagelstudio, in den besten H\u00e4nden. Unsere ausgebildeten Kosmetikerinnen verf\u00fcgen \u00fcber langj\u00e4hrige Erfahrung und sind stets auf dem neuesten Stand der Wissenschaft. Wir sind ein junges und fr\u00f6hliches Team, das mit viel Fachwissen und Leidenschaft arbeitet, um unseren Kunden den bestm\u00f6glichen Service zu bieten.<\/p>\n<p>Auf dieser Seite findest du alle Informationen zu den Preisen und Details unserer Fu\u00dfpflege. Du kannst uns telefonisch erreichen oder auch einfach eine E-Mail an <a href=\"mailto:info@jeannie-nagelstudio.de\" target=\"_new\">info@jeannie-nagelstudio.de<\/a> schreiben. Wir bem\u00fchen uns, E-Mails so schnell wie m\u00f6glich zu beantworten.<\/p>\n<p>Das Wohl unserer Kundinnen und Kunden liegt uns am Herzen. Bei unserer t\u00e4glichen Arbeit im Kosmetiksalon streben wir danach, stets unser Bestes zu geben und professionelle Behandlungen auf dem neuesten Stand der Wissenschaft durchzuf\u00fchren. Wir sind immer gerne f\u00fcr Beratungen und Fragen da.<\/p>\n<p>Daher freuen wir uns auch immer \u00fcber konstruktives Feedback zu unseren Behandlungen und unserem Kosmetikstudio. Wenn auch du Feedback f\u00fcr uns hast, sind wir sehr dankbar daf\u00fcr.<br><\/p>\n<\/div>\n<\/div>\n<\/div>\t\t\t\t\t\t\t\t<\/div>\n\t\t\t\t<\/div>\n\t\t\t\t\t<\/div>\n\t\t<\/div>\n\t\t\t\t<div class=\"elementor-column elementor-col-50 elementor-top-column elementor-element elementor-element-d23d0df\" data-id=\"d23d0df\" data-element_type=\"column\" data-e-type=\"column\">\n\t\t\t<div class=\"elementor-widget-wrap elementor-element-populated\">\n\t\t\t\t\t\t<div class=\"elementor-element elementor-element-9b9ea44 elementor-widget elementor-widget-image\" data-id=\"9b9ea44\" data-element_type=\"widget\" data-e-type=\"widget\" data-widget_type=\"image.default\">\n\t\t\t\t<div class=\"elementor-widget-container\">\n\t\t\t\t\t\t\t\t\t\t\t\t\t\t\t<img decoding=\"async\" src=\"http:\/\/jeannie-nagelstudio.de\/wp-content\/uploads\/2023\/07\/pexels-cottonbro-studio-4769479-scaled.jpg\" title=\"\" alt=\"Pedik\u00fcre Hamburg\" loading=\"lazy\" \/>\t\t\t\t\t\t\t\t\t\t\t\t\t\t\t<\/div>\n\t\t\t\t<\/div>\n\t\t\t\t\t<\/div>\n\t\t<\/div>\n\t\t\t\t\t<\/div>\n\t\t<\/section>\n\t\t\t\t<\/div>","protected":false},"excerpt":{"rendered":"<p>Pedik\u00fcre Hamburg Termin buchen pedik\u00fcre hamburg Bei Jeannie Hamburg, unserem Kosmetikstudio in Hamburg, wissen wir, wie wichtig gepflegte F\u00fc\u00dfe sind. Unsere F\u00fc\u00dfe tragen uns ein Leben lang und verdienen daher eine besondere Portion Aufmerksamkeit und Pflege. Deshalb bieten wir professionelle Pedik\u00fcre und Fu\u00dfpflege an, damit du das ganze Jahr \u00fcber mit makellosen und gesunden F\u00fc\u00dfen [&hellip;]<\/p>","protected":false},"author":1,"featured_media":0,"parent":0,"menu_order":0,"comment_status":"closed","ping_status":"closed","template":"","meta":{"footnotes":""},"class_list":["post-745","page","type-page","status-publish","hentry"],"_links":{"self":[{"href":"http:\/\/jeannie-nagelstudio.de\/en\/wp-json\/wp\/v2\/pages\/745","targetHints":{"allow":["GET"]}}],"collection":[{"href":"http:\/\/jeannie-nagelstudio.de\/en\/wp-json\/wp\/v2\/pages"}],"about":[{"href":"http:\/\/jeannie-nagelstudio.de\/en\/wp-json\/wp\/v2\/types\/page"}],"author":[{"embeddable":true,"href":"http:\/\/jeannie-nagelstudio.de\/en\/wp-json\/wp\/v2\/users\/1"}],"replies":[{"embeddable":true,"href":"http:\/\/jeannie-nagelstudio.de\/en\/wp-json\/wp\/v2\/comments?post=745"}],"version-history":[{"count":40,"href":"http:\/\/jeannie-nagelstudio.de\/en\/wp-json\/wp\/v2\/pages\/745\/revisions"}],"predecessor-version":[{"id":1230,"href":"http:\/\/jeannie-nagelstudio.de\/en\/wp-json\/wp\/v2\/pages\/745\/revisions\/1230"}],"wp:attachment":[{"href":"http:\/\/jeannie-nagelstudio.de\/en\/wp-json\/wp\/v2\/media?parent=745"}],"curies":[{"name":"wp","href":"https:\/\/api.w.org\/{rel}","templated":true}]}}