{"id":768,"date":"2023-07-17T13:55:30","date_gmt":"2023-07-17T13:55:30","guid":{"rendered":"http:\/\/jeannie-nagelstudio.de\/?page_id=768"},"modified":"2023-09-04T13:47:07","modified_gmt":"2023-09-04T13:47:07","slug":"manikure-hamburg","status":"publish","type":"page","link":"http:\/\/jeannie-nagelstudio.de\/en\/manikure-hamburg\/","title":{"rendered":"Manik\u00fcre"},"content":{"rendered":"<div data-elementor-type=\"wp-page\" data-elementor-id=\"768\" class=\"elementor elementor-768\" data-elementor-post-type=\"page\">\n\t\t\t\t\t\t<section class=\"elementor-section elementor-top-section elementor-element elementor-element-7ccc0753 elementor-section-full_width elementor-section-height-min-height elementor-section-items-stretch elementor-section-height-default\" data-id=\"7ccc0753\" data-element_type=\"section\" data-e-type=\"section\">\n\t\t\t\t\t\t<div class=\"elementor-container elementor-column-gap-default\">\n\t\t\t\t\t<div class=\"elementor-column elementor-col-50 elementor-top-column elementor-element elementor-element-26053ca8\" data-id=\"26053ca8\" data-element_type=\"column\" data-e-type=\"column\">\n\t\t\t<div class=\"elementor-widget-wrap elementor-element-populated\">\n\t\t\t\t\t\t<div class=\"elementor-element elementor-element-5d75e1d2 elementor-widget elementor-widget-heading\" data-id=\"5d75e1d2\" data-element_type=\"widget\" data-e-type=\"widget\" data-widget_type=\"heading.default\">\n\t\t\t\t<div class=\"elementor-widget-container\">\n\t\t\t\t\t<h1 class=\"elementor-heading-title elementor-size-default\">Manik\u00fcre Hamburg<\/h1>\t\t\t\t<\/div>\n\t\t\t\t<\/div>\n\t\t\t\t<div class=\"elementor-element elementor-element-9fe9672 elementor-widget elementor-widget-button\" data-id=\"9fe9672\" data-element_type=\"widget\" data-e-type=\"widget\" data-widget_type=\"button.default\">\n\t\t\t\t<div class=\"elementor-widget-container\">\n\t\t\t\t\t\t\t\t\t<div class=\"elementor-button-wrapper\">\n\t\t\t\t\t<a class=\"elementor-button elementor-button-link elementor-size-xs\" href=\"https:\/\/jeannie-nagelstudio.salonized.com\/widget_bookings\/new\" id=\"001\" target=\"_blank\" rel=\"noopener\">\n\t\t\t\t\t\t<span class=\"elementor-button-content-wrapper\">\n\t\t\t\t\t\t\t\t\t<span class=\"elementor-button-text\">Termin buchen<\/span>\n\t\t\t\t\t<\/span>\n\t\t\t\t\t<\/a>\n\t\t\t\t<\/div>\n\t\t\t\t\t\t\t\t<\/div>\n\t\t\t\t<\/div>\n\t\t\t\t\t<\/div>\n\t\t<\/div>\n\t\t\t\t<div class=\"elementor-column elementor-col-50 elementor-top-column elementor-element elementor-element-2f1e111d\" data-id=\"2f1e111d\" data-element_type=\"column\" data-e-type=\"column\" data-settings=\"{&quot;background_background&quot;:&quot;classic&quot;}\">\n\t\t\t<div class=\"elementor-widget-wrap elementor-element-populated\">\n\t\t\t\t\t\t<div class=\"elementor-element elementor-element-5ff9ce75 elementor-widget elementor-widget-spacer\" data-id=\"5ff9ce75\" data-element_type=\"widget\" data-e-type=\"widget\" data-widget_type=\"spacer.default\">\n\t\t\t\t<div class=\"elementor-widget-container\">\n\t\t\t\t\t\t\t<div class=\"elementor-spacer\">\n\t\t\t<div class=\"elementor-spacer-inner\"><\/div>\n\t\t<\/div>\n\t\t\t\t\t\t<\/div>\n\t\t\t\t<\/div>\n\t\t\t\t\t<\/div>\n\t\t<\/div>\n\t\t\t\t\t<\/div>\n\t\t<\/section>\n\t\t\t\t<section class=\"elementor-section elementor-top-section elementor-element elementor-element-8dc967a elementor-section-height-min-height elementor-section-items-stretch elementor-section-boxed elementor-section-height-default\" data-id=\"8dc967a\" data-element_type=\"section\" data-e-type=\"section\">\n\t\t\t\t\t\t<div class=\"elementor-container elementor-column-gap-default\">\n\t\t\t\t\t<div class=\"elementor-column elementor-col-100 elementor-top-column elementor-element elementor-element-b7e2a2d\" data-id=\"b7e2a2d\" data-element_type=\"column\" data-e-type=\"column\" data-settings=\"{&quot;background_background&quot;:&quot;classic&quot;}\">\n\t\t\t<div class=\"elementor-widget-wrap elementor-element-populated\">\n\t\t\t\t\t\t<div class=\"elementor-element elementor-element-e15f46e elementor-widget elementor-widget-heading\" data-id=\"e15f46e\" data-element_type=\"widget\" data-e-type=\"widget\" data-widget_type=\"heading.default\">\n\t\t\t\t<div class=\"elementor-widget-container\">\n\t\t\t\t\t<h2 class=\"elementor-heading-title elementor-size-default\">manik\u00fcre in Hamburg<\/h2>\t\t\t\t<\/div>\n\t\t\t\t<\/div>\n\t\t\t\t<div class=\"elementor-element elementor-element-bb55527 elementor-widget__width-initial elementor-widget elementor-widget-text-editor\" data-id=\"bb55527\" data-element_type=\"widget\" data-e-type=\"widget\" data-widget_type=\"text-editor.default\">\n\t\t\t\t<div class=\"elementor-widget-container\">\n\t\t\t\t\t\t\t\t\t<div><div><div><p>Bei Jeannie Nagelstudio in Hamburg beraten wir dich gerne rund um das Thema Manik\u00fcre. In unserem reichen Sortiment an Nagellackfarben findet jeder den passenden Ton. Insbesondere vor gro\u00dfen Anl\u00e4ssen wie einer Hochzeit ist eine entspannende Manik\u00fcre oder Pedik\u00fcre bei uns in Hamburg genau das Richtige, um f\u00fcr einen Moment dem Trubel zu entfliehen.<\/p><p>Durch unsere vielf\u00e4ltige Expertise in unterschiedlichen Manik\u00fcre-Methoden bieten wir dir in Hamburg ein umfangreiches Service-Angebot. Dein Wohlbefinden steht f\u00fcr uns an erster Stelle. Falls du Fragen rund um unsere Manik\u00fcre in Hamburg hast, kontaktiere uns einfach. Wir sind telefonisch w\u00e4hrend der Gesch\u00e4ftszeiten erreichbar. Unser Team erwartet dich herzlich und freut sich, dich mit einer Premium-Manik\u00fcre zu begeistern.<br \/><br \/><br \/><\/p><\/div><\/div><\/div>\t\t\t\t\t\t\t\t<\/div>\n\t\t\t\t<\/div>\n\t\t\t\t\t<\/div>\n\t\t<\/div>\n\t\t\t\t\t<\/div>\n\t\t<\/section>\n\t\t\t\t<section class=\"elementor-section elementor-top-section elementor-element elementor-element-d45fa10 elementor-section-boxed elementor-section-height-default elementor-section-height-default\" data-id=\"d45fa10\" data-element_type=\"section\" data-e-type=\"section\">\n\t\t\t\t\t\t<div class=\"elementor-container elementor-column-gap-default\">\n\t\t\t\t\t<div class=\"elementor-column elementor-col-100 elementor-top-column elementor-element elementor-element-dc6d76a\" data-id=\"dc6d76a\" data-element_type=\"column\" data-e-type=\"column\">\n\t\t\t<div class=\"elementor-widget-wrap elementor-element-populated\">\n\t\t\t\t\t\t<div class=\"elementor-element elementor-element-044d019 elementor-widget elementor-widget-heading\" data-id=\"044d019\" data-element_type=\"widget\" data-e-type=\"widget\" data-widget_type=\"heading.default\">\n\t\t\t\t<div class=\"elementor-widget-container\">\n\t\t\t\t\t<h2 class=\"elementor-heading-title elementor-size-default\">Gepflegte H\u00e4nde<\/h2>\t\t\t\t<\/div>\n\t\t\t\t<\/div>\n\t\t\t\t\t<\/div>\n\t\t<\/div>\n\t\t\t\t\t<\/div>\n\t\t<\/section>\n\t\t\t\t<section class=\"elementor-section elementor-top-section elementor-element elementor-element-1c67395 elementor-section-boxed elementor-section-height-default elementor-section-height-default\" data-id=\"1c67395\" data-element_type=\"section\" data-e-type=\"section\">\n\t\t\t\t\t\t<div class=\"elementor-container elementor-column-gap-default\">\n\t\t\t\t\t<div class=\"elementor-column elementor-col-100 elementor-top-column elementor-element elementor-element-a4d2e8b\" data-id=\"a4d2e8b\" data-element_type=\"column\" data-e-type=\"column\">\n\t\t\t<div class=\"elementor-widget-wrap elementor-element-populated\">\n\t\t\t\t\t\t<div class=\"elementor-element elementor-element-4544d27 elementor-widget__width-initial elementor-widget elementor-widget-text-editor\" data-id=\"4544d27\" data-element_type=\"widget\" data-e-type=\"widget\" data-widget_type=\"text-editor.default\">\n\t\t\t\t<div class=\"elementor-widget-container\">\n\t\t\t\t\t\t\t\t\t<div class=\"flex flex-grow flex-col gap-3 max-w-full\"><div class=\"min-h-[20px] flex flex-col items-start gap-3 overflow-x-auto whitespace-pre-wrap break-words\"><div class=\"markdown prose w-full break-words dark:prose-invert light\"><p>Im Jeannie Nagelstudio in Hamburg setzen wir auf Qualit\u00e4t und Fachkompetenz. F\u00fcr unsere Manik\u00fcren verwenden wir ausschlie\u00dflich hochwertige Produkte namhafter Marken wie The Gel Bottle, Alessandro und OPI. Diese Marken haben sich nicht nur durch ihre vielf\u00e4ltige Farbpalette einen Namen gemacht, sondern auch durch ihre erstklassige Qualit\u00e4t und Haltbarkeit.<\/p><p>Uns ist bewusst, dass ein herausragendes Endresultat nicht nur von erstklassigen Produkten abh\u00e4ngt, sondern auch von der Expertise des Anwendenden. Deshalb ist unser Team sorgf\u00e4ltig ausgew\u00e4hlt und bestens geschult. Jeder unserer Nail-Designer bringt umfangreiche Erfahrung und Leidenschaft f\u00fcr sein Handwerk mit. Dies gew\u00e4hrleistet, dass du stets den besten Service erh\u00e4ltst, angefangen bei einer individuellen Beratung bis hin zur perfekten Ausf\u00fchrung der Manik\u00fcre.<\/p><p>Wenn du also auf der Suche nach einer Manik\u00fcre in Hamburg bist, bei der Produktqualit\u00e4t und Fachwissen Hand in Hand gehen, dann bist du bei uns im Jeannie Nagelstudio genau richtig. Unsere Mission ist es, dir ein unvergleichliches Nagelerlebnis zu bieten, das in Sachen Qualit\u00e4t und Service seinesgleichen sucht.<\/p><\/div><\/div><\/div>\t\t\t\t\t\t\t\t<\/div>\n\t\t\t\t<\/div>\n\t\t\t\t\t<\/div>\n\t\t<\/div>\n\t\t\t\t\t<\/div>\n\t\t<\/section>\n\t\t\t\t<section class=\"elementor-section elementor-top-section elementor-element elementor-element-103cb90 elementor-section-height-min-height elementor-section-items-stretch elementor-section-boxed elementor-section-height-default\" data-id=\"103cb90\" data-element_type=\"section\" data-e-type=\"section\">\n\t\t\t\t\t\t<div class=\"elementor-container elementor-column-gap-default\">\n\t\t\t\t\t<div class=\"elementor-column elementor-col-100 elementor-top-column elementor-element elementor-element-2d05f3a\" data-id=\"2d05f3a\" data-element_type=\"column\" data-e-type=\"column\" data-settings=\"{&quot;background_background&quot;:&quot;classic&quot;}\">\n\t\t\t<div class=\"elementor-widget-wrap elementor-element-populated\">\n\t\t\t\t\t\t<div class=\"elementor-element elementor-element-a20b96f elementor-widget elementor-widget-heading\" data-id=\"a20b96f\" data-element_type=\"widget\" data-e-type=\"widget\" data-widget_type=\"heading.default\">\n\t\t\t\t<div class=\"elementor-widget-container\">\n\t\t\t\t\t<h2 class=\"elementor-heading-title elementor-size-default\">Manik\u00fcre bei Jeannie<\/h2>\t\t\t\t<\/div>\n\t\t\t\t<\/div>\n\t\t\t\t<div class=\"elementor-element elementor-element-9c11ed5 elementor-widget__width-auto elementor-widget elementor-widget-text-editor\" data-id=\"9c11ed5\" data-element_type=\"widget\" data-e-type=\"widget\" data-widget_type=\"text-editor.default\">\n\t\t\t\t<div class=\"elementor-widget-container\">\n\t\t\t\t\t\t\t\t\t<div class=\"flex flex-grow flex-col gap-3\"><div class=\"min-h-[20px] flex items-start overflow-x-auto whitespace-pre-wrap break-words flex-col gap-4\"><div class=\"markdown prose w-full break-words dark:prose-invert dark\"><p>Im Jeannie Nagelstudio in Hamburg bieten wir professionelle Spa Manik\u00fcre und Pedik\u00fcre an, um deine H\u00e4nde und F\u00fc\u00dfe zu verw\u00f6hnen.<\/p><p>Bei unserer Spa Manik\u00fcre k\u00fcmmern wir uns um das Schneiden der Hornhaut, das Feilen und die Pflege deiner Fingern\u00e4gel. Zudem entfernen wir abgestorbene Nagelhaut, um ein gepflegtes Erscheinungsbild zu gew\u00e4hrleisten. Wenn du m\u00f6chtest, kannst du auch Nagellack oder Shellac auftragen lassen, um deinen N\u00e4geln einen sch\u00f6nen und langanhaltenden Glanz zu verleihen.<\/p><p>Unsere Pedik\u00fcre umfasst ein wohltuendes Fu\u00dfbad, bei dem deine F\u00fc\u00dfe entspannen k\u00f6nnen. Wir k\u00fcmmern uns um die Entfernung von Hornhaut, das Feilen und K\u00fcrzen deiner Fu\u00dfn\u00e4gel. Wenn gew\u00fcnscht, tragen wir auch Farblack auf, um deinen Fu\u00dfn\u00e4geln eine sch\u00f6ne Farbe zu geben.<\/p><p>In unserem Nagelstudio legen wir gro\u00dfen Wert auf Hygiene, Fachkompetenz und Kundenzufriedenheit. Unser erfahrenes Team verw\u00f6hnt dich mit sorgf\u00e4ltigen und professionellen Behandlungen, damit du dich rundum wohl und gepflegt f\u00fchlst.<\/p><p>Buche noch heute deine Spa Manik\u00fcre und Pedik\u00fcre bei Jeannie Nagelstudio und genie\u00dfe eine entspannende Behandlung, die deine H\u00e4nde und F\u00fc\u00dfe verw\u00f6hnt. Wir freuen uns darauf, dich bei uns willkommen zu hei\u00dfen und dir ein au\u00dfergew\u00f6hnliches Pflegeerlebnis zu bieten.<\/p><\/div><\/div><\/div>\t\t\t\t\t\t\t\t<\/div>\n\t\t\t\t<\/div>\n\t\t\t\t\t<\/div>\n\t\t<\/div>\n\t\t\t\t\t<\/div>\n\t\t<\/section>\n\t\t\t\t<\/div>","protected":false},"excerpt":{"rendered":"<p>Manik\u00fcre Hamburg Termin buchen manik\u00fcre in Hamburg Bei Jeannie Nagelstudio in Hamburg beraten wir dich gerne rund um das Thema Manik\u00fcre. In unserem reichen Sortiment an Nagellackfarben findet jeder den passenden Ton. Insbesondere vor gro\u00dfen Anl\u00e4ssen wie einer Hochzeit ist eine entspannende Manik\u00fcre oder Pedik\u00fcre bei uns in Hamburg genau das Richtige, um f\u00fcr einen [&hellip;]<\/p>","protected":false},"author":1,"featured_media":0,"parent":0,"menu_order":0,"comment_status":"closed","ping_status":"closed","template":"","meta":{"footnotes":""},"class_list":["post-768","page","type-page","status-publish","hentry"],"_links":{"self":[{"href":"http:\/\/jeannie-nagelstudio.de\/en\/wp-json\/wp\/v2\/pages\/768","targetHints":{"allow":["GET"]}}],"collection":[{"href":"http:\/\/jeannie-nagelstudio.de\/en\/wp-json\/wp\/v2\/pages"}],"about":[{"href":"http:\/\/jeannie-nagelstudio.de\/en\/wp-json\/wp\/v2\/types\/page"}],"author":[{"embeddable":true,"href":"http:\/\/jeannie-nagelstudio.de\/en\/wp-json\/wp\/v2\/users\/1"}],"replies":[{"embeddable":true,"href":"http:\/\/jeannie-nagelstudio.de\/en\/wp-json\/wp\/v2\/comments?post=768"}],"version-history":[{"count":26,"href":"http:\/\/jeannie-nagelstudio.de\/en\/wp-json\/wp\/v2\/pages\/768\/revisions"}],"predecessor-version":[{"id":1080,"href":"http:\/\/jeannie-nagelstudio.de\/en\/wp-json\/wp\/v2\/pages\/768\/revisions\/1080"}],"wp:attachment":[{"href":"http:\/\/jeannie-nagelstudio.de\/en\/wp-json\/wp\/v2\/media?parent=768"}],"curies":[{"name":"wp","href":"https:\/\/api.w.org\/{rel}","templated":true}]}}