{"id":971,"date":"2023-08-26T07:36:58","date_gmt":"2023-08-26T07:36:58","guid":{"rendered":"http:\/\/jeannie-nagelstudio.de\/?page_id=971"},"modified":"2023-09-04T13:43:46","modified_gmt":"2023-09-04T13:43:46","slug":"biab-gel","status":"publish","type":"page","link":"http:\/\/jeannie-nagelstudio.de\/en\/biab-gel\/","title":{"rendered":"BIAB GEL"},"content":{"rendered":"<div data-elementor-type=\"wp-page\" data-elementor-id=\"971\" class=\"elementor elementor-971\" data-elementor-post-type=\"page\">\n\t\t\t\t\t\t<section class=\"elementor-section elementor-top-section elementor-element elementor-element-da08634 elementor-section-boxed elementor-section-height-default elementor-section-height-default\" data-id=\"da08634\" data-element_type=\"section\" data-e-type=\"section\">\n\t\t\t\t\t\t<div class=\"elementor-container elementor-column-gap-default\">\n\t\t\t\t\t<div class=\"elementor-column elementor-col-100 elementor-top-column elementor-element elementor-element-7bef49d\" data-id=\"7bef49d\" data-element_type=\"column\" data-e-type=\"column\">\n\t\t\t<div class=\"elementor-widget-wrap elementor-element-populated\">\n\t\t\t\t\t\t<div class=\"elementor-element elementor-element-42d6d89 elementor-widget elementor-widget-heading\" data-id=\"42d6d89\" data-element_type=\"widget\" data-e-type=\"widget\" data-widget_type=\"heading.default\">\n\t\t\t\t<div class=\"elementor-widget-container\">\n\t\t\t\t\t<h2 class=\"elementor-heading-title elementor-size-default\">Neu! nur bei jeannie Hamburg: BIAB GEl<\/h2>\t\t\t\t<\/div>\n\t\t\t\t<\/div>\n\t\t\t\t\t<\/div>\n\t\t<\/div>\n\t\t\t\t\t<\/div>\n\t\t<\/section>\n\t\t\t\t<section class=\"elementor-section elementor-top-section elementor-element elementor-element-31bca2e elementor-section-boxed elementor-section-height-default elementor-section-height-default\" data-id=\"31bca2e\" data-element_type=\"section\" data-e-type=\"section\">\n\t\t\t\t\t\t<div class=\"elementor-container elementor-column-gap-default\">\n\t\t\t\t\t<div class=\"elementor-column elementor-col-100 elementor-top-column elementor-element elementor-element-a2d60a2\" data-id=\"a2d60a2\" data-element_type=\"column\" data-e-type=\"column\">\n\t\t\t<div class=\"elementor-widget-wrap elementor-element-populated\">\n\t\t\t\t\t\t<div class=\"elementor-element elementor-element-e15cd2f elementor-widget elementor-widget-text-editor\" data-id=\"e15cd2f\" data-element_type=\"widget\" data-e-type=\"widget\" data-widget_type=\"text-editor.default\">\n\t\t\t\t<div class=\"elementor-widget-container\">\n\t\t\t\t\t\t\t\t\t<p><strong>Das <a href=\"https:\/\/www.thegelbottle.de\/\" target=\"_blank\" rel=\"noopener\">BIAB Gel<\/a> von The Gel Bottle \u2013 Eine Revolution in der Nagelpflege<\/strong><\/p><p>Das BIAB Gel von <a href=\"https:\/\/www.thegelbottle.de\/\" target=\"_blank\" rel=\"noopener\">The Gel Bottle<\/a> (Builder In A Bottle) hat die Nagelpflegebranche revolutioniert und setzt neue Ma\u00dfst\u00e4be in Sachen Qualit\u00e4t, Anwendung und Ergebnis.<\/p><p><strong>Was genau ist BIAB Gel?<\/strong> BIAB Gel ist ein All-in-One-System, das als Basisgel, Aufbaugel und Farbgel in einem Produkt vereint ist. Es handelt sich um ein mittelviskoses, selbstgl\u00e4ttendes Gel, das sowohl f\u00fcr die Naturnagelverst\u00e4rkung als auch f\u00fcr die Nagelverl\u00e4ngerung mit Schablone verwendet werden kann.<\/p><p><strong>Vorteile des BIAB Gels:<\/strong><\/p><ol><li><p><strong>Gesunde N\u00e4gel<\/strong>: Das Gel f\u00f6rdert nicht nur das Nagelwachstum, sondern sch\u00fctzt den Naturnagel auch vor Sch\u00e4den, die durch das allt\u00e4gliche Leben verursacht werden k\u00f6nnen.<\/p><\/li><li><p><strong>Lange Haltbarkeit<\/strong>: Durch seine spezielle Formulierung haftet das BIAB Gel hervorragend und bietet eine lange Tragezeit ohne Abheben oder Splittern.<\/p><\/li><li><p><strong>Schnelle Anwendung<\/strong>: Im Vergleich zu traditionellen Gel-Systemen ist die Anwendung von Gel zeiteffizienter, da weniger Schritte erforderlich sind.<\/p><\/li><li><p><strong>Flexibel &amp; Stabil<\/strong>: Das Gel bietet die perfekte Balance zwischen Flexibilit\u00e4t und Stabilit\u00e4t, sodass die N\u00e4gel nat\u00fcrlich aussehen, sich aber dennoch robust anf\u00fchlen.<\/p><\/li><li><p><strong>Nat\u00fcrlicher Look<\/strong>: F\u00fcr diejenigen, die ein nat\u00fcrliches Finish bevorzugen, bietet BIAB eine semi-transparente Farbpalette, die den nat\u00fcrlichen Nagelton perfekt erg\u00e4nzt.<\/p><\/li><\/ol><p><strong>Nachhaltigkeit und Ethik<\/strong>: Wie bei allen Produkten von The Gel Bottle, wird auch bei BIAB Wert auf eine nachhaltige und ethische Produktion gelegt. Es ist vegan, tierversuchsfrei und frei von sch\u00e4dlichen Chemikalien.<\/p><p>Das BIAB Gel ist die ideale Wahl f\u00fcr alle, die Wert auf gepflegte, sch\u00f6ne N\u00e4gel legen und dabei nicht auf Qualit\u00e4t und Nachhaltigkeit verzichten m\u00f6chten. Es bietet die perfekte Grundlage f\u00fcr einen langanhaltenden, makellosen Look, der den Anspr\u00fcchen des modernen Lebens gewachsen ist.<\/p><hr \/>\t\t\t\t\t\t\t\t<\/div>\n\t\t\t\t<\/div>\n\t\t\t\t<div class=\"elementor-element elementor-element-fbe6e04 elementor-widget elementor-widget-text-editor\" data-id=\"fbe6e04\" data-element_type=\"widget\" data-e-type=\"widget\" data-widget_type=\"text-editor.default\">\n\t\t\t\t<div class=\"elementor-widget-container\">\n\t\t\t\t\t\t\t\t\t<p>Lorem ipsum dolor sit amet, consectetur adipiscing elit. Ut elit tellus, luctus nec ullamcorper mattis, pulvinar dapibus leo.<\/p>\t\t\t\t\t\t\t\t<\/div>\n\t\t\t\t<\/div>\n\t\t\t\t<div class=\"elementor-element elementor-element-99be123 elementor-widget elementor-widget-heading\" data-id=\"99be123\" data-element_type=\"widget\" data-e-type=\"widget\" data-widget_type=\"heading.default\">\n\t\t\t\t<div class=\"elementor-widget-container\">\n\t\t\t\t\t<h2 class=\"elementor-heading-title elementor-size-default\"><div id=\"__next\"><div class=\"flex h-full w-full flex-col\"><div class=\"grow overflow-hidden\"><div class=\"overflow-hidden w-full h-full relative flex z-0\"><div class=\"relative flex h-full max-w-full flex-1 overflow-hidden\"><div class=\"flex h-full max-w-full flex-1 flex-col\"><main class=\"relative h-full w-full transition-width overflow-auto flex-1\"><div role=\"presentation\" class=\"flex h-full\"><div class=\"flex-1 overflow-hidden\"><div class=\"react-scroll-to-bottom--css-yqfyw-79elbk h-full dark:bg-gray-800\"><div class=\"react-scroll-to-bottom--css-yqfyw-1n7m0yu\"><div class=\"flex flex-col text-sm dark:bg-gray-800\"><div class=\"group w-full text-token-text-primary border-b border-black\/10 dark:border-gray-900\/50 bg-gray-50 dark:bg-[#444654]\"><div class=\"flex p-4 gap-4 text-base md:gap-6 md:max-w-2xl lg:max-w-[38rem] xl:max-w-3xl md:py-6 lg:px-0 m-auto\"><div class=\"relative flex w-[calc(100%-50px)] flex-col gap-1 md:gap-3 lg:w-[calc(100%-115px)]\"><div class=\"flex flex-grow flex-col gap-3 max-w-full\"><div class=\"min-h-[20px] flex flex-col items-start gap-3 overflow-x-auto whitespace-pre-wrap break-words\"><div class=\"markdown prose w-full break-words dark:prose-invert dark\"><p><strong>Revolution in der Nagelpflege<\/strong><\/p><\/div><\/div><\/div><\/div><\/div><\/div><\/div><\/div><\/div><\/div><\/div><\/main><\/div><\/div><\/div><\/div><\/div><\/div><\/h2>\t\t\t\t<\/div>\n\t\t\t\t<\/div>\n\t\t\t\t<div class=\"elementor-element elementor-element-d60b298 elementor-widget elementor-widget-text-editor\" data-id=\"d60b298\" data-element_type=\"widget\" data-e-type=\"widget\" data-widget_type=\"text-editor.default\">\n\t\t\t\t<div class=\"elementor-widget-container\">\n\t\t\t\t\t\t\t\t\t<p>Das BIAB (Builder In A Bottle) Gel von The Gel Bottle hat die Nagelpflegebranche revolutioniert und setzt neue Ma\u00dfst\u00e4be in Sachen Qualit\u00e4t, Anwendung und Ergebnis.<\/p><p><strong>Was genau ist BIAB Gel?<\/strong> BIAB ist ein All-in-One-System, das als Basisgel, Aufbaugel und Farbgel in einem Produkt vereint ist. Es handelt sich um ein mittelviskoses, selbstgl\u00e4ttendes Gel, das sowohl f\u00fcr die Naturnagelverst\u00e4rkung als auch f\u00fcr die Nagelverl\u00e4ngerung mit Schablone verwendet werden kann.<\/p><p><strong>Vorteile des BIAB Gels:<\/strong><\/p><ol><li><p><strong>Gesunde N\u00e4gel<\/strong>: Das BIAB Gel f\u00f6rdert nicht nur das Nagelwachstum, sondern sch\u00fctzt den Naturnagel auch vor Sch\u00e4den, die durch das allt\u00e4gliche Leben verursacht werden k\u00f6nnen.<\/p><\/li><li><p><strong>Lange Haltbarkeit<\/strong>: Durch seine spezielle Formulierung haftet das BIAB Gel hervorragend und bietet eine lange Tragezeit ohne Abheben oder Splittern.<\/p><\/li><li><p><strong>Schnelle Anwendung<\/strong>: Im Vergleich zu traditionellen Gel-Systemen ist die Anwendung von BIAB zeiteffizienter, da weniger Schritte erforderlich sind.<\/p><\/li><li><p><strong>Flexibel &amp; Stabil<\/strong>: Das Gel bietet die perfekte Balance zwischen Flexibilit\u00e4t und Stabilit\u00e4t, sodass die N\u00e4gel nat\u00fcrlich aussehen, sich aber dennoch robust anf\u00fchlen.<\/p><\/li><li><p><strong>Nat\u00fcrlicher Look<\/strong>: F\u00fcr diejenigen, die ein nat\u00fcrliches Finish bevorzugen, bietet BIAB eine semi-transparente Farbpalette, die den nat\u00fcrlichen Nagelton perfekt erg\u00e4nzt.<\/p><\/li><\/ol><p><strong>Nachhaltigkeit und Ethik<\/strong>: Wie bei allen Produkten von The Gel Bottle, wird auch bei BIAB Wert auf eine nachhaltige und ethische Produktion gelegt. Es ist vegan, tierversuchsfrei und frei von sch\u00e4dlichen Chemikalien.<\/p><p>Das BIAB Gel ist die ideale Wahl f\u00fcr alle, die Wert auf gepflegte, sch\u00f6ne N\u00e4gel legen und dabei nicht auf Qualit\u00e4t und Nachhaltigkeit verzichten m\u00f6chten. Es bietet die perfekte Grundlage f\u00fcr einen langanhaltenden, makellosen Look, der den Anspr\u00fcchen des modernen Lebens gewachsen ist.<\/p><hr \/>\t\t\t\t\t\t\t\t<\/div>\n\t\t\t\t<\/div>\n\t\t\t\t\t<\/div>\n\t\t<\/div>\n\t\t\t\t\t<\/div>\n\t\t<\/section>\n\t\t\t\t<section class=\"elementor-section elementor-top-section elementor-element elementor-element-66afffa elementor-section-boxed elementor-section-height-default elementor-section-height-default\" data-id=\"66afffa\" data-element_type=\"section\" data-e-type=\"section\">\n\t\t\t\t\t\t<div class=\"elementor-container elementor-column-gap-default\">\n\t\t\t\t\t<div class=\"elementor-column elementor-col-100 elementor-top-column elementor-element elementor-element-0a39a27\" data-id=\"0a39a27\" data-element_type=\"column\" data-e-type=\"column\">\n\t\t\t<div class=\"elementor-widget-wrap elementor-element-populated\">\n\t\t\t\t\t\t<div class=\"elementor-element elementor-element-e525c05 elementor-widget elementor-widget-gallery\" data-id=\"e525c05\" data-element_type=\"widget\" data-e-type=\"widget\" data-settings=\"{&quot;aspect_ratio&quot;:&quot;1:1&quot;,&quot;lazyload&quot;:&quot;yes&quot;,&quot;gallery_layout&quot;:&quot;grid&quot;,&quot;columns&quot;:4,&quot;columns_tablet&quot;:2,&quot;columns_mobile&quot;:1,&quot;gap&quot;:{&quot;unit&quot;:&quot;px&quot;,&quot;size&quot;:10,&quot;sizes&quot;:[]},&quot;gap_tablet&quot;:{&quot;unit&quot;:&quot;px&quot;,&quot;size&quot;:10,&quot;sizes&quot;:[]},&quot;gap_mobile&quot;:{&quot;unit&quot;:&quot;px&quot;,&quot;size&quot;:10,&quot;sizes&quot;:[]},&quot;link_to&quot;:&quot;file&quot;,&quot;overlay_background&quot;:&quot;yes&quot;,&quot;content_hover_animation&quot;:&quot;fade-in&quot;}\" data-widget_type=\"gallery.default\">\n\t\t\t\t<div class=\"elementor-widget-container\">\n\t\t\t\t\t\t\t<div class=\"elementor-gallery__container\">\n\t\t\t\t\t\t\t<a class=\"e-gallery-item elementor-gallery-item elementor-animated-content\" href=\"https:\/\/jeannie-nagelstudio.de\/wp-content\/uploads\/2023\/08\/BIAB-Gel-Nagel.jpg\" data-elementor-open-lightbox=\"yes\" data-elementor-lightbox-slideshow=\"e525c05\" data-elementor-lightbox-title=\"BIAB Gel Na\u0308gel\" data-e-action-hash=\"#elementor-action%3Aaction%3Dlightbox%26settings%3DeyJpZCI6OTk1LCJ1cmwiOiJodHRwczpcL1wvamVhbm5pZS1uYWdlbHN0dWRpby5kZVwvd3AtY29udGVudFwvdXBsb2Fkc1wvMjAyM1wvMDhcL0JJQUItR2VsLU5hZ2VsLmpwZyIsInNsaWRlc2hvdyI6ImU1MjVjMDUifQ%3D%3D\">\n\t\t\t\t\t<div class=\"e-gallery-image elementor-gallery-item__image\" data-thumbnail=\"https:\/\/jeannie-nagelstudio.de\/wp-content\/uploads\/2023\/08\/BIAB-Gel-Nagel.jpg\" data-width=\"1000\" data-height=\"1400\" aria-label=\"BIAB Gel\" role=\"img\" ><\/div>\n\t\t\t\t\t\t\t\t\t\t\t<div class=\"elementor-gallery-item__overlay\"><\/div>\n\t\t\t\t\t\t\t\t\t\t\t\t\t\t<\/a>\n\t\t\t\t\t\t\t<a class=\"e-gallery-item elementor-gallery-item elementor-animated-content\" href=\"https:\/\/jeannie-nagelstudio.de\/wp-content\/uploads\/2023\/08\/BIAB-Gelnagel-2.webp\" data-elementor-open-lightbox=\"yes\" data-elementor-lightbox-slideshow=\"e525c05\" data-elementor-lightbox-title=\"BIAB Gelna\u0308gel 2\" data-e-action-hash=\"#elementor-action%3Aaction%3Dlightbox%26settings%3DeyJpZCI6OTk2LCJ1cmwiOiJodHRwczpcL1wvamVhbm5pZS1uYWdlbHN0dWRpby5kZVwvd3AtY29udGVudFwvdXBsb2Fkc1wvMjAyM1wvMDhcL0JJQUItR2VsbmFnZWwtMi53ZWJwIiwic2xpZGVzaG93IjoiZTUyNWMwNSJ9\">\n\t\t\t\t\t<div class=\"e-gallery-image elementor-gallery-item__image\" data-thumbnail=\"https:\/\/jeannie-nagelstudio.de\/wp-content\/uploads\/2023\/08\/BIAB-Gelnagel-2.webp\" data-width=\"483\" data-height=\"628\" aria-label=\"BIAB Gel\" role=\"img\" ><\/div>\n\t\t\t\t\t\t\t\t\t\t\t<div class=\"elementor-gallery-item__overlay\"><\/div>\n\t\t\t\t\t\t\t\t\t\t\t\t\t\t<\/a>\n\t\t\t\t\t\t\t<a class=\"e-gallery-item elementor-gallery-item elementor-animated-content\" href=\"https:\/\/jeannie-nagelstudio.de\/wp-content\/uploads\/2023\/08\/BIAB-Gelnagel-3.webp\" data-elementor-open-lightbox=\"yes\" data-elementor-lightbox-slideshow=\"e525c05\" data-elementor-lightbox-title=\"BIAB Gelna\u0308gel 3\" data-e-action-hash=\"#elementor-action%3Aaction%3Dlightbox%26settings%3DeyJpZCI6OTk3LCJ1cmwiOiJodHRwczpcL1wvamVhbm5pZS1uYWdlbHN0dWRpby5kZVwvd3AtY29udGVudFwvdXBsb2Fkc1wvMjAyM1wvMDhcL0JJQUItR2VsbmFnZWwtMy53ZWJwIiwic2xpZGVzaG93IjoiZTUyNWMwNSJ9\">\n\t\t\t\t\t<div class=\"e-gallery-image elementor-gallery-item__image\" data-thumbnail=\"https:\/\/jeannie-nagelstudio.de\/wp-content\/uploads\/2023\/08\/BIAB-Gelnagel-3.webp\" data-width=\"2560\" data-height=\"1440\" aria-label=\"BIAB Gel\" role=\"img\" ><\/div>\n\t\t\t\t\t\t\t\t\t\t\t<div class=\"elementor-gallery-item__overlay\"><\/div>\n\t\t\t\t\t\t\t\t\t\t\t\t\t\t<\/a>\n\t\t\t\t\t\t\t<a class=\"e-gallery-item elementor-gallery-item elementor-animated-content\" href=\"https:\/\/jeannie-nagelstudio.de\/wp-content\/uploads\/2023\/08\/BIAB-Gelnagel-4.webp\" data-elementor-open-lightbox=\"yes\" data-elementor-lightbox-slideshow=\"e525c05\" data-elementor-lightbox-title=\"BIAB Gelna\u0308gel 4\" data-e-action-hash=\"#elementor-action%3Aaction%3Dlightbox%26settings%3DeyJpZCI6OTk4LCJ1cmwiOiJodHRwczpcL1wvamVhbm5pZS1uYWdlbHN0dWRpby5kZVwvd3AtY29udGVudFwvdXBsb2Fkc1wvMjAyM1wvMDhcL0JJQUItR2VsbmFnZWwtNC53ZWJwIiwic2xpZGVzaG93IjoiZTUyNWMwNSJ9\">\n\t\t\t\t\t<div class=\"e-gallery-image elementor-gallery-item__image\" data-thumbnail=\"https:\/\/jeannie-nagelstudio.de\/wp-content\/uploads\/2023\/08\/BIAB-Gelnagel-4.webp\" data-width=\"750\" data-height=\"1000\" aria-label=\"BIAB Gel\" role=\"img\" ><\/div>\n\t\t\t\t\t\t\t\t\t\t\t<div class=\"elementor-gallery-item__overlay\"><\/div>\n\t\t\t\t\t\t\t\t\t\t\t\t\t\t<\/a>\n\t\t\t\t\t<\/div>\n\t\t\t\t\t<\/div>\n\t\t\t\t<\/div>\n\t\t\t\t\t<\/div>\n\t\t<\/div>\n\t\t\t\t\t<\/div>\n\t\t<\/section>\n\t\t\t\t<\/div>","protected":false},"excerpt":{"rendered":"<p>Neu! nur bei jeannie Hamburg: BIAB GEl Das BIAB Gel von The Gel Bottle \u2013 Eine Revolution in der Nagelpflege Das BIAB Gel von The Gel Bottle (Builder In A Bottle) hat die Nagelpflegebranche revolutioniert und setzt neue Ma\u00dfst\u00e4be in Sachen Qualit\u00e4t, Anwendung und Ergebnis. Was genau ist BIAB Gel? BIAB Gel ist ein All-in-One-System, [&hellip;]<\/p>","protected":false},"author":1,"featured_media":0,"parent":0,"menu_order":0,"comment_status":"closed","ping_status":"closed","template":"elementor_header_footer","meta":{"footnotes":""},"class_list":["post-971","page","type-page","status-publish","hentry"],"_links":{"self":[{"href":"http:\/\/jeannie-nagelstudio.de\/en\/wp-json\/wp\/v2\/pages\/971","targetHints":{"allow":["GET"]}}],"collection":[{"href":"http:\/\/jeannie-nagelstudio.de\/en\/wp-json\/wp\/v2\/pages"}],"about":[{"href":"http:\/\/jeannie-nagelstudio.de\/en\/wp-json\/wp\/v2\/types\/page"}],"author":[{"embeddable":true,"href":"http:\/\/jeannie-nagelstudio.de\/en\/wp-json\/wp\/v2\/users\/1"}],"replies":[{"embeddable":true,"href":"http:\/\/jeannie-nagelstudio.de\/en\/wp-json\/wp\/v2\/comments?post=971"}],"version-history":[{"count":42,"href":"http:\/\/jeannie-nagelstudio.de\/en\/wp-json\/wp\/v2\/pages\/971\/revisions"}],"predecessor-version":[{"id":1077,"href":"http:\/\/jeannie-nagelstudio.de\/en\/wp-json\/wp\/v2\/pages\/971\/revisions\/1077"}],"wp:attachment":[{"href":"http:\/\/jeannie-nagelstudio.de\/en\/wp-json\/wp\/v2\/media?parent=971"}],"curies":[{"name":"wp","href":"https:\/\/api.w.org\/{rel}","templated":true}]}}